{"id":2504,"date":"2021-04-19T09:08:03","date_gmt":"2021-04-19T09:08:03","guid":{"rendered":"http:\/\/www.loteriasserrano.es\/tienda\/?page_id=2504"},"modified":"2021-04-19T09:51:49","modified_gmt":"2021-04-19T09:51:49","slug":"politica-de-cookies","status":"publish","type":"page","link":"https:\/\/www.loteriasserrano.es\/tienda\/politica-de-cookies\/","title":{"rendered":"Pol\u00edtica de Cookies"},"content":{"rendered":"<p>POL\u00cdTICA DE COOKIES<\/p><p>Esta Pol\u00edtica de Cookies es parte integrante de las Condiciones Generales y la Pol\u00edtica de Privacidad. El acceso y la navegaci\u00f3n en el sitio, o el uso de los servicios del mismo, implican la aceptaci\u00f3n de las Condiciones Generales (y por tanto de la Pol\u00edtica de Privacidad y Pol\u00edtica de Cookies). Por favor, l\u00e9elas atentamente.<\/p><p>Te agradecemos que hayas decidido visitarnos. Queremos que tu experiencia en el sitio sea lo mejor posible, y por ese motivo hemos escrito esta Pol\u00edtica de Cookies de la forma m\u00e1s transparente posible.<\/p><p><strong>1.\u00bfQU\u00c9 ES UNA COOKIE?<\/strong><\/p><p>Las cookies son archivos que contienen peque\u00f1as cantidades de informaci\u00f3n que se descargan en el dispositivo del usuario que se utiliza cuando visitas un sitio web. Su finalidad principal es reconocer al usuario cada vez que accede a y nos permite, adem\u00e1s, mejorar la calidad y la usabilidad de nuestra web.<\/p><p>Las cookies son esenciales para el funcionamiento de Internet; no pueden da\u00f1ar el equipo\/dispositivo del usuario y, si se encuentran activadas en la configuraci\u00f3n de tu navegador, nos ayudan a identificar y resolver posibles errores de funcionamiento.<\/p><p><strong>2.TIPOS DE COOKIES<\/strong><\/p><p>Hay diferentes tipos de cookies. Todos ellos trabajan de la misma manera, pero tienen peque\u00f1as diferencias:<\/p><ul class=\"wp-block-list\"><li><strong>Cookies de Sesi\u00f3n.<\/strong>&nbsp;Las cookies de sesi\u00f3n duran solamente por la duraci\u00f3n de tu visita y se borran cuando cierras el navegador. Su finalidad principal es identificar el tipo de dispositivo, apoyar la seguridad sitio web o su funcionalidad b\u00e1sica. No contienen informaci\u00f3n personal que nos permita identificar a una persona.<\/li><li><strong>Cookies Persistentes o Permanentes.<\/strong>&nbsp;Se almacenan en el disco duro del dispositivo y nuestra web las lee cada vez que realizas una nueva visita a ; posee una fecha de caducidad o expiraci\u00f3n determinada, cumplida la cual la cookie deja de funcionar. Nos permiten identificar tus acciones y preferencias; analizar las visitas y nos ayudan a comprender c\u00f3mo llegan los usuarios a nuestra p\u00e1gina y mejorar nuestros servicios.<\/li><li><strong>Cookies de Funcionalidad.<\/strong>&nbsp;Permiten a recordar decisiones adoptadas por el usuario, como su login o identificador. La informaci\u00f3n de estas cookies recogen se anonimiza (es decir, no contiene ni tu nombre, direcci\u00f3n, u otros datos).<\/li><li><strong>Cookies de Terceros.<\/strong>&nbsp;Las cookies de terceros son las cookies que instala un sitio web que no es el que est\u00e1s visitando; por ejemplo, las usadas por redes sociales (como Facebook) o por complementos externos de contenido (como Google Maps). Adem\u00e1s, algunas empresas de publicidad usan este tipo de archivos para realizar un seguimiento de tus visitas en cada sitio en el que se anuncian.<\/li><li><strong>Cookies Anal\u00edticas<\/strong>&nbsp;Son cookies que tienen por finalidad el mantenimiento peri\u00f3dico y garantizar el mejor funcionamiento y servicio al usuario; recopilando datos de tu actividad.<\/li><li>&nbsp;<\/li><\/ul><p><strong>3.USO DE COOKIES POR PARTE DE LA WEB.<\/strong><\/p><p>Mediante el acceso a esta web, aceptas de manera expresa que podamos usar este tipo de cookies en tus dispositivos. Si desactivas las cookies, puede que tu navegaci\u00f3n por no sea \u00f3ptima y algunas de las utilidades que dispone no funcionen correctamente.<\/p><ul class=\"wp-block-list\"><li><strong>Cookies propias<\/strong>&nbsp;Con el fin de reconocerte y prestarte un mejor servicio, nuestro sitio utiliza cookies (peque\u00f1os archivos de texto que tu navegador almacena) propias. Las ventajas que conlleva la aceptaci\u00f3n de nuestras cookies se traduce en un ahorro de tiempo. Asimismo pueden ser utilizadas tambi\u00e9n para reconocerte entre visitas sucesivas y as\u00ed adaptar el contenido que se te muestra, para obtener informaci\u00f3n acerca de la fecha y hora de tu \u00faltima visita, medir algunos par\u00e1metros de tr\u00e1fico dentro del propio sitio, y estimar el n\u00famero de visitas realizadas, de manera que podamos enfocar y ajustar los servicios y promociones de forma m\u00e1s efectiva.<\/li><\/ul><p>Ninguna cookie permite que pueda contactarse con tu n\u00famero de tel\u00e9fono, tu direcci\u00f3n de correo electr\u00f3nico o con cualquier otro medio de contacto. Ninguna cookie puede extraer informaci\u00f3n de tu disco duro o robar informaci\u00f3n personal.<\/p><ul class=\"wp-block-list\"><li><strong>Cookies de Google Analytics<\/strong>&nbsp;El sitio utiliza el servicio Google Analytics, que es prestado por Google, Inc., entidad cuya oficina principal est\u00e1 en 1600 Amphitheatre Parkway, Mountain View (California), CA 94043, Estados Unidos (\u0093Google\u0094).<\/li><\/ul><p>Google Analytics utiliza cookies para ayudarnos a analizar el uso que hacen los usuarios del sitio. La informaci\u00f3n que genera la cookie acerca de tu uso del sitio (incluyendo tu direcci\u00f3n IP) ser\u00e1 directamente transmitida y archivada por Google en sus servidores de Estados Unidos. Google usar\u00e1 esta informaci\u00f3n por cuenta nuestra con el prop\u00f3sito de seguir la pista de tu uso del sitio, recopilando informes de la actividad del sitio y prestando otros servicios relacionados con la actividad del sitio y el uso de Internet. Google podr\u00e1 transmitir dicha informaci\u00f3n a terceros cuando as\u00ed se lo requiera la legislaci\u00f3n, o cuando dichos terceros procesen la informaci\u00f3n por cuenta de Google. Google no asociar\u00e1 tu direcci\u00f3n IP con ning\u00fan otro dato del que disponga Google.<\/p><p>Si lo deseas puedes rechazar el tratamiento de los datos o la informaci\u00f3n rechazando el uso de cookies mediante la selecci\u00f3n de la configuraci\u00f3n apropiada de tu navegador. Sin embargo, si lo haces, puede ser que no puedas usar la plena funcionabilidad de este sitio. Al utilizar este sitio consientes el tratamiento tu informaci\u00f3n por Google en la forma y para los fines arriba indicados.<\/p><p><strong>4.CONFIGURACI\u00d3N DEL USUARIO PARA EVITAR COOKIES.<\/strong><\/p><p>Desde la web y en cumplimiento de la normativa legal vigente, ponemos a tu disposici\u00f3n la informaci\u00f3n que te permita configurar tu navegador\/navegadores de Internet para mantener tu privacidad y seguridad en relaci\u00f3n a las cookies. Por ello, te facilitamos la informaci\u00f3n y enlaces a los sitos de soporte oficiales de los principales navegadores para que puedas decidir si deseas o no aceptar el uso de cookies.<\/p><p>As\u00ed, puedes bloquear las cookies a trav\u00e9s de las herramientas de configuraci\u00f3n del navegador o bien puedes configurar tu navegador para que te avise cuando un servidor quiera guardar una cookie:<\/p><ul class=\"wp-block-list\"><li>1. Si utilizas Microsoft Internet Explorer, en la opci\u00f3n de men\u00fa Herramientas &gt; Opciones de Internet &gt; Privacidad &gt; Configuraci\u00f3n. Para saber m\u00e1s visita&nbsp;<a href=\"http:\/\/windows.microsoft.com\/es-es\/windows-vista\/block-or-allow-cookies\">http:\/\/windows.microsoft.com\/es-es\/windows-vista\/block-or-allow-cookies<\/a>&nbsp;y&nbsp;<a href=\"http:\/\/windows.microsoft.com\/es-es\/windows7\/how-to-manage-cookies-in-internet-explorer-9\">http:\/\/windows.microsoft.com\/es-es\/windows7\/how-to-manage-cookies-in-internet-explorer-9<\/a>.<\/li><li>2. Si utilizas Firefox, en la opci\u00f3n de men\u00fa Herramientas &gt; Opciones &gt; Privacidad &gt; Cookies. Para saber m\u00e1s visita&nbsp;<a href=\"http:\/\/support.mozilla.org\/es\/products\/firefox\/privacy-and-security\">http:\/\/support.mozilla.org\/es\/products\/firefox\/privacy-and-security<\/a><\/li><li>3. Si utilizas Chrome, en la secci\u00f3n de Opciones &gt; Opciones avanzadas &gt; Privacidad. Para saber m\u00e1s&nbsp;<a href=\"http:\/\/support.google.com\/chrome\/bin\/answer.py?hl=es&amp;answer=95647\">http:\/\/support.google.com\/chrome\/bin\/answer.py?hl=es&amp;answer=95647<\/a><\/li><li>4. Si utilizas Opera, en la opci\u00f3n de Seguridad y Privacidad, podr\u00e1s configurar el navegador. Para saber m\u00e1s visita&nbsp;<a href=\"http:\/\/www.opera.com\/help\/tutorials\/security\/cookies\">http:\/\/www.opera.com\/help\/tutorials\/security\/cookies<\/a><\/li><\/ul>","protected":false},"excerpt":{"rendered":"<p>POL\u00cdTICA DE COOKIES Esta Pol\u00edtica de Cookies es parte integrante de las Condiciones Generales y la Pol\u00edtica de Privacidad. El<\/p>\n","protected":false},"author":1,"featured_media":0,"parent":0,"menu_order":0,"comment_status":"closed","ping_status":"closed","template":"","meta":{"footnotes":""},"class_list":["post-2504","page","type-page","status-publish","hentry"],"_links":{"self":[{"href":"https:\/\/www.loteriasserrano.es\/tienda\/wp-json\/wp\/v2\/pages\/2504","targetHints":{"allow":["GET"]}}],"collection":[{"href":"https:\/\/www.loteriasserrano.es\/tienda\/wp-json\/wp\/v2\/pages"}],"about":[{"href":"https:\/\/www.loteriasserrano.es\/tienda\/wp-json\/wp\/v2\/types\/page"}],"author":[{"embeddable":true,"href":"https:\/\/www.loteriasserrano.es\/tienda\/wp-json\/wp\/v2\/users\/1"}],"replies":[{"embeddable":true,"href":"https:\/\/www.loteriasserrano.es\/tienda\/wp-json\/wp\/v2\/comments?post=2504"}],"version-history":[{"count":1,"href":"https:\/\/www.loteriasserrano.es\/tienda\/wp-json\/wp\/v2\/pages\/2504\/revisions"}],"predecessor-version":[{"id":2505,"href":"https:\/\/www.loteriasserrano.es\/tienda\/wp-json\/wp\/v2\/pages\/2504\/revisions\/2505"}],"wp:attachment":[{"href":"https:\/\/www.loteriasserrano.es\/tienda\/wp-json\/wp\/v2\/media?parent=2504"}],"curies":[{"name":"wp","href":"https:\/\/api.w.org\/{rel}","templated":true}]}}