{"id":2502,"date":"2021-04-19T09:06:43","date_gmt":"2021-04-19T09:06:43","guid":{"rendered":"http:\/\/www.loteriasserrano.es\/tienda\/?page_id=2502"},"modified":"2021-04-19T09:06:56","modified_gmt":"2021-04-19T09:06:56","slug":"aviso-legal","status":"publish","type":"page","link":"https:\/\/www.loteriasserrano.es\/tienda\/aviso-legal\/","title":{"rendered":"Aviso legal"},"content":{"rendered":"<p><strong>ADMINISTRACI\u00d3N n\u00ba14 &#8211;&nbsp; Santa Coloma de Gramenet&nbsp; &#8211; Barcelona<\/strong><\/p><p>Gracias por entrar en nuestra web. Nos esforzamos por que tu visita sea lo m\u00e1s agradable y satisfactoria posible y para ello necesitamos informarte de algunos aspectos legales.<\/p><p>Para acceder nuestros servicios, declaras que&nbsp;<strong>eres mayor de edad<\/strong>&nbsp;y que tienes capacidad legal de obrar de acuerdo a tu ley nacional.<\/p><p>El acceso y la navegaci\u00f3n en el sitio web, o el uso de los servicios del mismo, implican la aceptaci\u00f3n expresa e \u00edntegra de estas todas y cada una de las presentes Condiciones Generales, incluidas tanto las Condiciones Particulares fijadas para ciertas promociones como la Pol\u00edtica de Privacidad y Cookies, relativa a las finalidades de los tratamientos de los datos que nos facilites. Por favor, te recomendamos que las leas atentamente.<\/p><p><strong>1.INFORMACI\u00d3N LEGAL.<\/strong><\/p><p>En cumplimiento de la Ley 34\/2002, de 11 de julio, de Servicios de la Sociedad de la Informaci\u00f3n y del Comercio Electr\u00f3nico, los datos identificativos del titular del Portal Web son:<\/p><p><strong>Adm\u00f3n de Loter\u00edas n\u00ba 14 \u2013 Loter\u00edasserrano.es<\/strong><\/p><p><strong>Titular:&nbsp;<\/strong>Jos\u00e9 Antonio Serrano Garc\u00eda<\/p><p><strong>Direcci\u00f3n:&nbsp;<\/strong>C\/Avda. Catalunya n\u00ba 1 \u2013 Sta. Coloma de Gramenet (Barcelona). Espa\u00f1a<\/p><p><strong>Tel\u00e9fono:&nbsp;<\/strong><a href=\"tel:+34672136388\">933910803<\/a><\/p><p><strong>Correo electr\u00f3nico:&nbsp;<\/strong><a href=\"mailto:loteriasserrano@gmail.com\">loteriasserrano@gmail.com<\/a><\/p><p><strong>CIF\/NIF:&nbsp;<\/strong>33912311F<\/p><p>Para cualquier duda o consulta, puede ponerse en contacto con nosotros a trav\u00e9s del<\/p><p>&nbsp;Telf:&nbsp;<a href=\"mailto:660069723\">660069723<\/a>&nbsp; &nbsp;\u00f3&nbsp; &nbsp;e-mail:&nbsp;&nbsp;<a href=\"mailto:loteriasserrano@gmail.com\">loteriasserrano@gmail.com<\/a><\/p><p>El acceso a supone la aceptaci\u00f3n expresa del Usuario a las presentes Condiciones Generales de Uso, que podr\u00e1n ser modificadas o sustituidas por su titular en cualquier momento y sin previo aviso.<\/p><p><strong>2. CONDICIONES &nbsp;GENERALES &nbsp;DE USO.<\/strong><\/p><p>Las siguientes Condiciones Generales regulan el uso y acceso al portal Web, cuya finalidad es ser puerta de entrada a&nbsp;<strong>Loteriasserrano.es<\/strong>, ofreciendo a los usuarios informaci\u00f3n, servicios y contenidos v\u00eda Web. A trav\u00e9s de la p\u00e1gina web, el Usuario tiene acceso a informaci\u00f3n sobre productos y servicios espec\u00edficos, herramientas y aplicaciones.<\/p><p>Los datos e informaciones sobre productos o servicios, precios y caracter\u00edsticas u otros datos relevantes ofrecidos a trav\u00e9s de la p\u00e1gina web son realizados, proporcionados y actualizados por Proveedores y terceras empresas.&nbsp;<strong>Loteriasserrano.es <\/strong>&nbsp;no es, en ning\u00fan caso, responsable de dichos datos e informaciones ni asume ninguna obligaci\u00f3n sobre los mismos.<\/p><p>El Usuario se compromete a hacer un uso adecuado de los contenidos, servicios, aplicaciones y herramientas que est\u00e1n accesibles, con sujeci\u00f3n a la Ley y a las presentes Condiciones Generales de Uso y, en su caso a las Condiciones Particulares que puedan establecerse para el acceso a determinados servicios y aplicaciones, respetando en todo momento a los dem\u00e1s Usuarios de la misma.<\/p><p>En caso de incumplimiento total o parcial por el Usuario de las presentes condiciones Generales de Uso,&nbsp;<strong>Loteriasserrano.es <\/strong>&nbsp;se reserva el derecho de denegar el acceso a sin necesidad de previo aviso al Usuario.<\/p><p><strong>3.OBLIGACIONES GENERALES DEL USUARIO.<\/strong><\/p><p>El Usuario, al aceptar las presentes condiciones Generales de Uso, se obliga expresamente a:<\/p><ul class=\"wp-block-list\"><li>No realizar ninguna acci\u00f3n destinada perjudicar, bloquear, da\u00f1ar, inutilizar, sobrecargar, de forma temporal o definitiva, las funcionalidades, herramientas, contenidos y\/o la infraestructura de la p\u00e1gina web, de manera que impida su normal utilizaci\u00f3n.<\/li><li>Custodiar y mantener la confidencialidad de las claves de acceso asociadas a su nombre de Usuario, siendo responsable de la utilizaci\u00f3n de dichas claves de acceso personales e intransferibles por parte de terceros.<\/li><li>No introducir ni realizar contenidos injuriosos o calumniosos, tanto de otros Usuarios como de terceras empresas ajenas a&nbsp;<strong>Loteriasserrano.es<\/strong><\/li><li>No utilizar cualquiera de los materiales e informaciones contenidos en este Sitio Web con fines il\u00edcitos y expresamente prohibidos en las presentes Condiciones Generales de Uso, as\u00ed como a las condiciones particulares que, en su caso, se establezcan para determinadas aplicaciones y\/o utilidades y que resulten contrarios a los derechos e intereses de&nbsp;<strong>Loteriasserrano.es<\/strong>, sus usuarios y\/o terceros.<\/li><li>No ofertar ni distribuir productos y servicios, ni realizar publicidad o comunicaciones comerciales no solicitadas a otros Usuarios y visitantes de&nbsp;<strong>Loteriasserrano.es<\/strong><\/li><\/ul><p>El Usuario responder\u00e1 de los todos los da\u00f1os y perjuicios de toda naturaleza que&nbsp;<strong>Loteriasserrano.es<\/strong>&nbsp;o cualquier tercero pueda sufrir como consecuencia del incumplimiento de cualesquiera de las obligaciones a las que queda sometido por virtud de estas \u201cCondiciones Generales de Uso\u201d o de la ley en relaci\u00f3n con el acceso y\/o utilizaci\u00f3n de la p\u00e1gina .<\/p><p><strong>4.PROPIEDAD &nbsp;INTELECTUAL &nbsp;E &nbsp;INDUSTRIAL.<\/strong><\/p><p>El sitio web, las p\u00e1ginas que comprende y la informaci\u00f3n o elementos contenidos en las mismas (incluyendo textos, documentos, fotograf\u00edas, dibujos, representaciones gr\u00e1ficas, entre otros), as\u00ed como logotipos, marcas, nombres comerciales u otros signos distintivos, se encuentran protegidos por derechos de propiedad intelectual o industrial, de los que&nbsp;<strong>Loteriasserrano.es<\/strong>&nbsp;es titular o ostenta autorizaci\u00f3n para su utilizaci\u00f3n y comunicaci\u00f3n p\u00fablica de los leg\u00edtimos titulares de las mismas.<\/p><p>El Usuario se obliga a usar los contenidos de forma diligente y correcta, de acuerdo a la ley, la moral y el orden p\u00fablico.&nbsp;<strong>Loteriasserrano.es<\/strong>&nbsp;autoriza al Usuario para visualizar la informaci\u00f3n que se contiene en este sitio web, as\u00ed como para efectuar reproducciones privadas (simple actividad de descarga y almacenamiento en sus sistemas inform\u00e1ticos), siempre y cuando los elementos sean destinados \u00fanicamente al uso personal. En ning\u00fan caso, ello significar\u00e1 una autorizaci\u00f3n o licencia sobre los derechos de propiedad de&nbsp;<strong>Loteriasserrano.es<\/strong>&nbsp;o de los leg\u00edtimos titulares de las mismas.<\/p><p>El Usuario no est\u00e1 autorizado para proceder a la distribuci\u00f3n, modificaci\u00f3n, cesi\u00f3n o comunicaci\u00f3n p\u00fablica de la informaci\u00f3n contenida en esta Web en cualquier forma y cualquiera que sea su finalidad.<\/p><p><strong>5.ENLACES.<\/strong><\/p><p>Las conexiones y enlaces a sitios o p\u00e1ginas Web de terceros se han establecido \u00fanicamente como una utilidad para el Usuario.&nbsp;<strong>Loteriasserrano.es<\/strong>&nbsp;no es, en ning\u00fan caso, responsable de las mismas o de su contenido.<\/p><p><strong>Loteriasserrano.es<\/strong>&nbsp;no asume ninguna responsabilidad derivada de la existencia de enlaces entre los contenidos de este sitio y contenidos situados fuera del mismo o de cualquier otra menci\u00f3n de contenidos externos a este sitio. Tales enlaces o menciones tienen una finalidad exclusivamente informativa y, en ning\u00fan caso, implican el apoyo, aprobaci\u00f3n, comercializaci\u00f3n o relaci\u00f3n alguna entre&nbsp;<strong>Loteriasserrano.es<\/strong>&nbsp;y las personas o entidades autoras y\/o gestoras de tales contenidos o titulares de los sitios donde se encuentren.<\/p><p>Para realizar enlaces con la p\u00e1gina Web ser\u00e1 necesaria la autorizaci\u00f3n expresa y por escrito de los titulares del portal.<\/p><p><strong>6.RESPONSABILIDAD.<\/strong><\/p><p><strong>Loteriasserrano.es<\/strong>&nbsp;no garantiza el acceso continuado, ni la correcta visualizaci\u00f3n, descarga o utilidad de los elementos e informaci\u00f3n contenidos en las p\u00e1ginas del portal que pueden verse impedidos, dificultados o interrumpidos por factores o circunstancias fuera de su control o ajenas a su voluntad, ni de aquellos que sean producidos por la existencia de virus inform\u00e1ticos en Internet.<\/p><p><strong>Loteriasserrano.es<\/strong>&nbsp;no asume responsabilidad alguna por da\u00f1os, perjuicios, p\u00e9rdidas, reclamaciones o gastos, producidos por:<\/p><ul class=\"wp-block-list\"><li>Interferencias, interrupciones, fallos, omisiones, retrasos, bloqueos o desconexiones, motivadas por errores en las l\u00edneas y redes de telecomunicaciones o por cualquier otra causa ajena al control de&nbsp;<strong>Loteriasserrano.es<\/strong><\/li><li>Intromisiones ileg\u00edtimas mediante el uso de programas malignos de cualquier tipo y a trav\u00e9s de cualquier medio de comunicaci\u00f3n, tales como virus inform\u00e1ticos o cualesquiera otros<\/li><li>Uso indebido o inadecuado de la p\u00e1gina web de&nbsp;<strong>Loteriasserrano.es<\/strong><\/li><li>Errores de seguridad o navegaci\u00f3n producidos por un mal funcionamiento del navegador o por el uso de versiones no actualizadas.<\/li><\/ul><p><strong>Loteriasserrano.es<\/strong>&nbsp;no es responsable ni en ning\u00fan caso responder\u00e1 frente a los usuarios y a terceros sobre actos de cualquier tercero ajeno a&nbsp;<strong>Loteriasserrano.es<\/strong>&nbsp;que conlleve o pueda suponer la realizaci\u00f3n de actos de competencia desleal y publicidad il\u00edcita o la infracci\u00f3n de los derechos de propiedad intelectual e industrial, de los secretos empresariales, de compromisos contractuales de cualquier clase, de los derechos al honor, a la intimidad personal y familiar y a la imagen, de los derechos de propiedad y de toda otra naturaleza pertenecientes a un tercero por raz\u00f3n de la transmisi\u00f3n, difusi\u00f3n, almacenamiento, puesta a disposici\u00f3n, recepci\u00f3n, obtenci\u00f3n o acceso a los contenidos.<\/p><p><strong>Loteriasserrano.es<\/strong>&nbsp;informa que la relaci\u00f3n con sus clientes a trav\u00e9s de este servicio Web es una relaci\u00f3n comercial privada, exactamente igual que la que se establece a trav\u00e9s del punto de venta f\u00edsico, y siempre sujeta a la normativa que Loter\u00edas y Apuestas del Estado establece para todos y cada uno de sus Juegos. A estos efectos, y para adaptarse a la operativa de la Web, el cliente tiene derecho a solicitar en cualquier momento, la transferencia del importe de la totalidad o parte de las cantidades obtenidas en concepto de premio, siempre que \u00e9sta sea por una cantidad igual o superior a 3 euros.<\/p><p>Los resguardos oficiales de juegos activos, as\u00ed como los d\u00e9cimos de loter\u00eda y en general cualquier tipo de producto adquirido a trav\u00e9s de esta p\u00e1gina web quedar\u00e1n en dep\u00f3sito para su custodia por parte de la&nbsp;<strong>Loteriasserrano.es<\/strong>.<\/p><p><strong>7.PROTECCI\u00d3N DE DATOS DE CAR\u00c1CTER PERSONAL.<\/strong><\/p><p>El presente Aviso Legal y sus t\u00e9rminos y condiciones se regir\u00e1n e interpretar\u00e1n de acuerdo con la Legislaci\u00f3n Espa\u00f1ola. El usuario, por el solo hecho de acceder a la p\u00e1gina web u obtener la condici\u00f3n de usuario registrado otorga, de forma irrevocable, su consentimiento a que los Tribunales competentes por defecto puedan conocer de cualquier acci\u00f3n judicial derivada de o relacionada con las presentes condiciones, o con su uso de este Sitio o la navegaci\u00f3n realizada por el mismo.<\/p><p>Si alguna cl\u00e1usula o apartado de las presentes Condiciones Generales, que no sea de naturaleza esencial para la existencia del mismo, es declarada nula o inaplicable, la validez de las restantes cl\u00e1usulas no se ver\u00e1 afectada.<\/p><p><strong>8.POL\u00cdTICA DE VENTAS Y DEVOLUCIONES<\/strong><\/p><p>Los productos y servicios ofertados tienen la consideraci\u00f3n de productos perecederos, adem\u00e1s de estar confeccionados conforme a las especificaciones del usuario, es por ello que dada la naturaleza de los mismos \u00e9stos no son susceptibles de devoluci\u00f3n.<\/p><p><strong>10.CONSIGNACI\u00d3N DE RESGUARDOS Y D\u00c9CIMOS DE LOTER\u00cdA.<\/strong><\/p><p>En caso de obtenci\u00f3n de premio inferior a 2000 \u20ac, el mismo ser\u00e1 autom\u00e1ticamente ingresado en la cuenta virtual del Usuario, si \u00e9ste dispone de ella, para que el Usuario pueda solicitarlo v\u00eda transferencia bancaria o emplearlo en futuras compras.<\/p><p>En caso de no disponer de cuenta virtual,&nbsp;<strong>Loteriasserrano.es<\/strong>&nbsp;se pondr\u00e1 en contacto con el Usuario a trav\u00e9s de los canales que \u00e9ste haya proporcionado, ( correo electr\u00f3nico, tel\u00e9fono, etc.. ) a fin de poder acordar la mejor forma de hacerle llegar su premio.<\/p><p>Si el premio obtenido superara la cantidad de 2000 \u20ac, la legislaci\u00f3n actual obliga a que \u00e9ste sea abonado a trav\u00e9s de una entidad bancaria, por lo que&nbsp;<strong>Loteriasserrano.es<\/strong>&nbsp;se pondr\u00e1 en contacto con el Usuario a fin de indicarle c\u00f3mo proceder en este caso.<\/p><p>Adicionalmente&nbsp;<strong>Loteriasserrano.es<\/strong>&nbsp;podr\u00e1 dar opci\u00f3n al Usuario de recibir sus d\u00e9cimos de loter\u00eda nacional v\u00eda alg\u00fan medio de transporte, abonando previamente el Usuario el importe correspondiente a dicho servicio junto con el importe de su pedido.<\/p><p><strong>11.RESULTADOS DE LOS SORTEOS Y ERRATAS<\/strong><\/p><p>Todos los datos que figuran en esta web, lo son a t\u00edtulo informativo, careciendo de cualquier valor probatorio. La oficialidad de los datos sobre juegos corresponde a los documentos (listas de premios) y a los terminales de validaci\u00f3n de apuestas y pago de premios, que existen en los Puntos de Venta Oficiales (Administraciones de Loter\u00edas y Despachos Receptores de Apuestas).<\/p><p><strong>Loteriasserrano.es<\/strong>&nbsp;declina toda responsabilidad sobre el uso que se haga de los datos aqu\u00ed publicados.<\/p><p>Todas las informaciones y datos ofrecidos en este sitio son revisados antes de su publicaci\u00f3n; sin embargo, no es posible garantizar al ciento por ciento, que se encuentren libres de erratas, por lo que se recomienda a los usuarios y visitantes, estar atentos a las actualizaciones que se realizan peri\u00f3dicamente, y no adoptar ninguna decisi\u00f3n basada \u00fanicamente en las informaciones ofrecidas por esta web.<\/p>","protected":false},"excerpt":{"rendered":"<p>ADMINISTRACI\u00d3N n\u00ba14 &#8211;&nbsp; Santa Coloma de Gramenet&nbsp; &#8211; Barcelona Gracias por entrar en nuestra web. Nos esforzamos por que tu<\/p>\n","protected":false},"author":1,"featured_media":0,"parent":0,"menu_order":0,"comment_status":"closed","ping_status":"closed","template":"","meta":{"footnotes":""},"class_list":["post-2502","page","type-page","status-publish","hentry"],"_links":{"self":[{"href":"https:\/\/www.loteriasserrano.es\/tienda\/wp-json\/wp\/v2\/pages\/2502","targetHints":{"allow":["GET"]}}],"collection":[{"href":"https:\/\/www.loteriasserrano.es\/tienda\/wp-json\/wp\/v2\/pages"}],"about":[{"href":"https:\/\/www.loteriasserrano.es\/tienda\/wp-json\/wp\/v2\/types\/page"}],"author":[{"embeddable":true,"href":"https:\/\/www.loteriasserrano.es\/tienda\/wp-json\/wp\/v2\/users\/1"}],"replies":[{"embeddable":true,"href":"https:\/\/www.loteriasserrano.es\/tienda\/wp-json\/wp\/v2\/comments?post=2502"}],"version-history":[{"count":1,"href":"https:\/\/www.loteriasserrano.es\/tienda\/wp-json\/wp\/v2\/pages\/2502\/revisions"}],"predecessor-version":[{"id":2503,"href":"https:\/\/www.loteriasserrano.es\/tienda\/wp-json\/wp\/v2\/pages\/2502\/revisions\/2503"}],"wp:attachment":[{"href":"https:\/\/www.loteriasserrano.es\/tienda\/wp-json\/wp\/v2\/media?parent=2502"}],"curies":[{"name":"wp","href":"https:\/\/api.w.org\/{rel}","templated":true}]}}