{"id":2337,"date":"2019-05-01T13:38:21","date_gmt":"2019-05-01T13:38:21","guid":{"rendered":"http:\/\/dummy.xtemos.com\/woodmart\/demos\/?page_id=2337"},"modified":"2023-10-06T10:13:30","modified_gmt":"2023-10-06T10:13:30","slug":"home","status":"publish","type":"page","link":"https:\/\/www.loteriasserrano.es\/tienda\/","title":{"rendered":"Home"},"content":{"rendered":"<p>[vc_row][vc_column][vc_column_text text_larger=&#8221;no&#8221; el_class=&#8221;tituloinicial&#8221;]<\/p>\n<h2 style=\"text-align: center;\">BIENVENIDOS A LA P\u00c1GINA DE VENTA ONLINE DE LOTER\u00cdA SERRANO<\/h2>\n<p style=\"text-align: center;\">Por favor, lea con atenci\u00f3n las siguientes informaciones para que el proceso de compra le resulte m\u00e1s f\u00e1cil y satisfactorio.<\/p>\n<p>[\/vc_column_text][\/vc_column][\/vc_row][vc_row mobile_bg_img_hidden=&#8221;no&#8221; tablet_bg_img_hidden=&#8221;no&#8221; woodmart_parallax=&#8221;0&#8243; woodmart_gradient_switch=&#8221;no&#8221; row_reverse_mobile=&#8221;0&#8243; row_reverse_tablet=&#8221;0&#8243; woodmart_disable_overflow=&#8221;0&#8243; css=&#8221;.vc_custom_1556711216932{margin-bottom: 5vh !important;}&#8221;][vc_column css=&#8221;.vc_custom_1556607276396{padding-top: 0px !important;}&#8221; mobile_bg_img_hidden=&#8221;no&#8221; tablet_bg_img_hidden=&#8221;no&#8221; woodmart_parallax=&#8221;0&#8243; woodmart_sticky_column=&#8221;false&#8221; parallax_scroll=&#8221;no&#8221; mobile_reset_margin=&#8221;no&#8221; tablet_reset_margin=&#8221;no&#8221;]\n\t\t<div id=\"wd-608a9ac3b046e\" class=\"title-wrapper  woodmart-title-color-default woodmart-title-style-underlined-2 woodmart-title-width-100 text-center tituloanterior woodmart-title-size-custom \">\n\t\t\t\n\t\t\t<div class=\"liner-continer\">\n\t\t\t\t<span class=\"left-line\"><\/span>\n\t\t\t\t<h4 class=\"woodmart-title-container title  woodmart-font-weight-\" >AYUDA DE COMPRA<\/h4>\t\t\t\t\t\t\t\t<span class=\"right-line\"><\/span>\n\t\t\t<\/div>\n\t\t\t\n\t\t\t\n\t\t\t\t\t<\/div>\n\t\t\n\t\t[vc_row_inner][vc_column_inner el_class=&#8221;opcion&#8221;]\n\t\t<div class=\"woodmart-list color-scheme- woodmart-text-size-default woodmart-list-type-icon woodmart-list-style-default \" id=\"wd-608a88a9621ac\">\n\t\t\t<ul>\n\t\t\t\t\t\t\t\t\t\t\t\t\t\t<li>\n\t\t\t\t\t\t\t\t\t\t\t\t\t<div class=\"list-icon fas fa-search\"><\/div>\n\t\t\t\t\t\t\t\t\t\t\t\t<span class=\"list-content\">Elige en el men\u00fa el sorteo en el quieres participar y ver\u00e1s los n\u00fameros disponibles<\/span>\n\t\t\t\t\t<\/li>\n\t\t\t\t\t\t\t\t\t\t\t\t<\/ul>\n\t\t\t\t\t<\/div>\n\t\t\n\t\t\n\t\t<div class=\"woodmart-list color-scheme- woodmart-text-size-default woodmart-list-type-icon woodmart-list-style-default \" id=\"wd-608a8927a9606\">\n\t\t\t<ul>\n\t\t\t\t\t\t\t\t\t\t\t\t\t\t<li>\n\t\t\t\t\t\t\t\t\t\t\t\t\t<div class=\"list-icon fas fa-shopping-basket\"><\/div>\n\t\t\t\t\t\t\t\t\t\t\t\t<span class=\"list-content\">Selecciona el n\u00famero que te gusta y la cantidad de d\u00e9cimos que desees. A\u00f1\u00e1delo al carrito.<\/span>\n\t\t\t\t\t<\/li>\n\t\t\t\t\t\t\t\t\t\t\t\t<\/ul>\n\t\t\t\t\t<\/div>\n\t\t\n\t\t\n\t\t<div class=\"woodmart-list color-scheme- woodmart-text-size-default woodmart-list-type-icon woodmart-list-style-default \" id=\"wd-608a895736856\">\n\t\t\t<ul>\n\t\t\t\t\t\t\t\t\t\t\t\t\t\t<li>\n\t\t\t\t\t\t\t\t\t\t\t\t\t<div class=\"list-icon fas fa-user-alt\"><\/div>\n\t\t\t\t\t\t\t\t\t\t\t\t<span class=\"list-content\">Reg\u00edstrate con tus datos para que podamos efectuar la reserva y el env\u00edo a tu nombre<\/span>\n\t\t\t\t\t<\/li>\n\t\t\t\t\t\t\t\t\t\t\t\t<\/ul>\n\t\t\t\t\t<\/div>\n\t\t\n\t\t\n\t\t<div class=\"woodmart-list color-scheme- woodmart-text-size-default woodmart-list-type-icon woodmart-list-style-default \" id=\"wd-608a9ae149aeb\">\n\t\t\t<ul>\n\t\t\t\t\t\t\t\t\t\t\t\t\t\t<li>\n\t\t\t\t\t\t\t\t\t\t\t\t\t<div class=\"list-icon far fa-credit-card\"><\/div>\n\t\t\t\t\t\t\t\t\t\t\t\t<span class=\"list-content\">Selecciona el sistema de compra y efect\u00faa el pago. A partir de aqu\u00ed nos encargamos nosotros.<\/span>\n\t\t\t\t\t<\/li>\n\t\t\t\t\t\t\t\t\t\t\t\t<\/ul>\n\t\t\t\t\t<\/div>\n\t\t\n\t\t[\/vc_column_inner][\/vc_row_inner][\/vc_column][\/vc_row][vc_row][vc_column mobile_bg_img_hidden=&#8221;no&#8221; tablet_bg_img_hidden=&#8221;no&#8221; woodmart_parallax=&#8221;0&#8243; woodmart_sticky_column=&#8221;false&#8221; el_class=&#8221;compra&#8221; parallax_scroll=&#8221;no&#8221; mobile_reset_margin=&#8221;no&#8221; tablet_reset_margin=&#8221;no&#8221;]\n\t\t<div id=\"wd-608bb4113ff78\" class=\"title-wrapper  woodmart-title-color-default woodmart-title-style-underlined-2 woodmart-title-width-100 text-center woodmart-title-size-custom \">\n\t\t\t\n\t\t\t<div class=\"liner-continer\">\n\t\t\t\t<span class=\"left-line\"><\/span>\n\t\t\t\t<h4 class=\"woodmart-title-container title  woodmart-font-weight-\" >SISTEMAS DE COMPRA<\/h4>\t\t\t\t\t\t\t\t<span class=\"right-line\"><\/span>\n\t\t\t<\/div>\n\t\t\t\n\t\t\t\n\t\t\t\t\t<\/div>\n\t\t\n\t\t[vc_row_inner row_reverse_mobile=&#8221;0&#8243; row_reverse_tablet=&#8221;0&#8243;][vc_column_inner width=&#8221;1\/2&#8243; css=&#8221;.vc_custom_1619697030684{margin-top: 20px !important;margin-right: 40px !important;margin-bottom: 20px !important;margin-left: 10px !important;padding-right: 30px !important;padding-left: 30px !important;background-color: #bceac5 !important;}&#8221;][vc_column_text text_larger=&#8221;no&#8221; css=&#8221;.vc_custom_1619696810999{background-color: #bceac5 !important;}&#8221;]<\/p>\n<p style=\"text-align: center; font-size: 20px; color: #000;\"><strong><u>DIGITAL<\/u><\/strong><br \/>\n<strong style=\"color: red; font-size: 18px;\">No se hace env\u00edo de d\u00e9cimos<\/strong><\/p>\n<p style=\"text-align: center;\">Loter\u00eda Serrano se hace cargo de la custodia de su compra sin ning\u00fan tipo de comisiones ni recargos.<\/p>\n<p style=\"text-align: center;\">Los d\u00e9cimos quedar\u00e1n depositados a su nombre en nuestra Administraci\u00f3n.<\/p>\n<p style=\"text-align: center;\">Le enviaremos un justificante digital de compra y de los d\u00e9cimos a trav\u00e9s del correo electr\u00f3nico o whatsapp que nos facilite.<\/p>\n<p><img loading=\"lazy\" decoding=\"async\" class=\" wp-image-2531 aligncenter\" src=\"https:\/\/www.loteriasserrano.es\/tienda\/wp-content\/uploads\/2021\/04\/caja-fuerte.png\" alt=\"\" width=\"152\" height=\"185\" \/>[\/vc_column_text][\/vc_column_inner][vc_column_inner width=&#8221;1\/2&#8243; css=&#8221;.vc_custom_1619697072909{margin-top: 20px !important;margin-right: 10px !important;margin-bottom: 20px !important;margin-left: 00px !important;padding-right: 30px !important;padding-left: 30px !important;background-color: #fbc4b9 !important;}&#8221;][vc_column_text text_larger=&#8221;no&#8221; css=&#8221;.vc_custom_1696587155512{background-color: #fbc4b9 !important;}&#8221;]<\/p>\n<p style=\"text-align: center; font-size: 20px; color: #000;\"><strong><u>CON ENV\u00cdO<\/u><\/strong><br \/>\n<strong style=\"color: red; font-size: 18px;\">Reciba sus d\u00e9cimos en 24-48horas<\/strong><\/p>\n<p style=\"text-align: center;\">Enviaremos su compra por mensajer\u00eda (Correos) para que las reciba en un plazo de 24\/48 horas. Recuerde que este sistema tiene un coste adicional por gastos de env\u00edo de:<br \/>\n5\u20ac del pedido para la pen\u00ednsula<br \/>\n7\u20ac del pedido para Baleares<br \/>\n11\u20ac del pedido para Canarias<\/p>\n<p style=\"text-align: center;\">Hay que a\u00f1adir el importe del seguro que es un 1% del valor de la compra<\/p>\n<p><img loading=\"lazy\" decoding=\"async\" class=\"wp-image-2532 alignleft\" src=\"https:\/\/www.loteriasserrano.es\/tienda\/wp-content\/uploads\/2021\/04\/furgoneta.png\" alt=\"\" width=\"301\" height=\"125\" srcset=\"https:\/\/www.loteriasserrano.es\/tienda\/wp-content\/uploads\/2021\/04\/furgoneta.png 361w, https:\/\/www.loteriasserrano.es\/tienda\/wp-content\/uploads\/2021\/04\/furgoneta-300x125.png 300w\" sizes=\"auto, (max-width: 301px) 100vw, 301px\" \/><img loading=\"lazy\" decoding=\"async\" class=\"wp-image-2533 alignright\" src=\"https:\/\/www.loteriasserrano.es\/tienda\/wp-content\/uploads\/2021\/04\/sobre.png\" alt=\"\" width=\"177\" height=\"151\" \/><\/p>\n<p>&nbsp;[\/vc_column_text][\/vc_column_inner][\/vc_row_inner][\/vc_column][\/vc_row][vc_row][vc_column][vc_empty_space height=&#8221;50px&#8221; woodmart_hide_large=&#8221;0&#8243; woodmart_hide_medium=&#8221;0&#8243; woodmart_hide_small=&#8221;0&#8243; woodmart_hide_extra_small=&#8221;0&#8243;][\/vc_column][\/vc_row][vc_row mobile_bg_img_hidden=&#8221;no&#8221; tablet_bg_img_hidden=&#8221;no&#8221; woodmart_parallax=&#8221;0&#8243; woodmart_gradient_switch=&#8221;no&#8221; row_reverse_mobile=&#8221;0&#8243; row_reverse_tablet=&#8221;0&#8243; woodmart_disable_overflow=&#8221;0&#8243;][vc_column width=&#8221;1\/2&#8243; mobile_bg_img_hidden=&#8221;no&#8221; tablet_bg_img_hidden=&#8221;no&#8221; woodmart_parallax=&#8221;0&#8243; woodmart_sticky_column=&#8221;false&#8221; parallax_scroll=&#8221;no&#8221; mobile_reset_margin=&#8221;no&#8221; tablet_reset_margin=&#8221;no&#8221; el_class=&#8221;amarillo&#8221;]\n\t\t<div id=\"wd-608bb785003e0\" class=\"title-wrapper  woodmart-title-color-default woodmart-title-style-underlined-2 woodmart-title-width-100 text-center formas woodmart-title-size-custom \">\n\t\t\t\n\t\t\t<div class=\"liner-continer\">\n\t\t\t\t<span class=\"left-line\"><\/span>\n\t\t\t\t<h4 class=\"woodmart-title-container title  woodmart-font-weight-\" >FORMAS DE PAGO<\/h4>\t\t\t\t\t\t\t\t<span class=\"right-line\"><\/span>\n\t\t\t<\/div>\n\t\t\t\n\t\t\t\n\t\t\t\t\t<\/div>\n\t\t\n\t\t[vc_row_inner row_reverse_mobile=&#8221;0&#8243; row_reverse_tablet=&#8221;0&#8243; css=&#8221;.vc_custom_1619769267888{background-color: #fbfa83 !important;}&#8221;][vc_column_inner][vc_column_text text_larger=&#8221;no&#8221; css=&#8221;.vc_custom_1620126700757{padding-top: 20px !important;padding-right: 20px !important;padding-bottom: 20px !important;padding-left: 20px !important;}&#8221;]<\/p>\n<p style=\"text-align: center;\">Puede efectuar el pago de su compra mediante:<\/p>\n<p style=\"text-align: center;\"><strong>&#8211; BIZUM<\/strong><\/p>\n<p style=\"text-align: center;\"><strong>&#8211; Tarjeta Cr\u00e9dito \/ D\u00e9bito<\/strong><\/p>\n<p style=\"text-align: center;\"><strong>&#8211; Transferencia Bancaria<br \/>\n(conlleva retraso de 48hs.)<\/strong><\/p>\n<p style=\"text-align: center;\">Todas las transacciones en nuestra web son 100% seguras.<\/p>\n<p style=\"text-align: center;\">Aseg\u00farese de la existencia del candado de seguridad en la barra de direcciones de navegador, que le avisa que la conexi\u00f3n es segura.<\/p>\n<p>[\/vc_column_text][\/vc_column_inner][\/vc_row_inner][\/vc_column][vc_column width=&#8221;1\/2&#8243; mobile_bg_img_hidden=&#8221;no&#8221; tablet_bg_img_hidden=&#8221;no&#8221; woodmart_parallax=&#8221;0&#8243; woodmart_sticky_column=&#8221;false&#8221; parallax_scroll=&#8221;no&#8221; mobile_reset_margin=&#8221;no&#8221; tablet_reset_margin=&#8221;no&#8221; el_class=&#8221;lila&#8221;]\n\t\t<div id=\"wd-608bb8099f3d2\" class=\"title-wrapper  woodmart-title-color-default woodmart-title-style-underlined-2 woodmart-title-width-100 text-center woodmart-title-size-custom \">\n\t\t\t\n\t\t\t<div class=\"liner-continer\">\n\t\t\t\t<span class=\"left-line\"><\/span>\n\t\t\t\t<h4 class=\"woodmart-title-container title  woodmart-font-weight-\" >COBRO DE PREMIOS<\/h4>\t\t\t\t\t\t\t\t<span class=\"right-line\"><\/span>\n\t\t\t<\/div>\n\t\t\t\n\t\t\t\n\t\t\t\t\t<\/div>\n\t\t\n\t\t[vc_row_inner css=&#8221;.vc_custom_1619769405076{background-color: #e1bdf5 !important;}&#8221; row_reverse_mobile=&#8221;0&#8243; row_reverse_tablet=&#8221;0&#8243;][vc_column_inner][vc_column_text text_larger=&#8221;no&#8221;]<\/p>\n<p style=\"text-align: center;\">Una vez que LOTER\u00cdAS DEL ESTADO publique los resultados oficiales del sorteo efectuaremos la comprobaci\u00f3n de su compra.<\/p>\n<p style=\"text-align: center;\">Le enviaremos una comunicaci\u00f3n v\u00eda correo electr\u00f3nico o whatsapp para informarle si su compra ha resultado premiada o no.<\/p>\n<p style=\"text-align: center;\">En caso que su compra haya resultado premiada, nos pondremos en contacto con Ud. para efectuarle el pago del premio de la manera que Ud. nos indique.<\/p>\n<p>[\/vc_column_text][\/vc_column_inner][\/vc_row_inner][\/vc_column][\/vc_row]<\/p>\n","protected":false},"excerpt":{"rendered":"<p>[vc_row][vc_column][vc_column_text text_larger=&#8221;no&#8221; el_class=&#8221;tituloinicial&#8221;] BIENVENIDOS A LA P\u00c1GINA DE VENTA ONLINE DE LOTER\u00cdA SERRANO Por favor, lea con atenci\u00f3n las siguientes<\/p>\n","protected":false},"author":1,"featured_media":0,"parent":0,"menu_order":0,"comment_status":"closed","ping_status":"closed","template":"","meta":{"footnotes":""},"class_list":["post-2337","page","type-page","status-publish","hentry"],"_links":{"self":[{"href":"https:\/\/www.loteriasserrano.es\/tienda\/wp-json\/wp\/v2\/pages\/2337","targetHints":{"allow":["GET"]}}],"collection":[{"href":"https:\/\/www.loteriasserrano.es\/tienda\/wp-json\/wp\/v2\/pages"}],"about":[{"href":"https:\/\/www.loteriasserrano.es\/tienda\/wp-json\/wp\/v2\/types\/page"}],"author":[{"embeddable":true,"href":"https:\/\/www.loteriasserrano.es\/tienda\/wp-json\/wp\/v2\/users\/1"}],"replies":[{"embeddable":true,"href":"https:\/\/www.loteriasserrano.es\/tienda\/wp-json\/wp\/v2\/comments?post=2337"}],"version-history":[{"count":24,"href":"https:\/\/www.loteriasserrano.es\/tienda\/wp-json\/wp\/v2\/pages\/2337\/revisions"}],"predecessor-version":[{"id":4272,"href":"https:\/\/www.loteriasserrano.es\/tienda\/wp-json\/wp\/v2\/pages\/2337\/revisions\/4272"}],"wp:attachment":[{"href":"https:\/\/www.loteriasserrano.es\/tienda\/wp-json\/wp\/v2\/media?parent=2337"}],"curies":[{"name":"wp","href":"https:\/\/api.w.org\/{rel}","templated":true}]}}